{"id":8,"date":"2024-10-31T20:35:07","date_gmt":"2024-10-31T18:35:07","guid":{"rendered":"https:\/\/www.lapuanlatosaari.fi\/?page_id=8"},"modified":"2026-04-16T16:02:58","modified_gmt":"2026-04-16T13:02:58","slug":"v2","status":"publish","type":"page","link":"https:\/\/www.lapuanlatosaari.fi\/Etusivu\/","title":{"rendered":"v2"},"content":{"rendered":"\t\t<div data-elementor-type=\"wp-post\" data-elementor-id=\"8\" class=\"elementor elementor-8\">\n\t\t\t\t<div class=\"elementor-element elementor-element-f5b3249 e-flex e-con-boxed e-con e-parent\" data-id=\"f5b3249\" data-element_type=\"container\" data-settings=\"{&quot;background_background&quot;:&quot;classic&quot;}\">\n\t\t\t\t\t<div class=\"e-con-inner\">\n\t\t\t\t<div class=\"elementor-element elementor-element-e1c4a00 elementor-widget__width-inherit elementor-widget elementor-widget-image\" data-id=\"e1c4a00\" data-element_type=\"widget\" data-widget_type=\"image.default\">\n\t\t\t\t<div class=\"elementor-widget-container\">\n\t\t\t\t\t\t\t\t\t\t\t\t\t<img fetchpriority=\"high\" decoding=\"async\" width=\"2500\" height=\"1344\" src=\"https:\/\/www.lapuanlatosaari.fi\/wp-content\/uploads\/2024\/11\/kansikuva2024_green.jpg\" class=\"attachment-full size-full wp-image-97\" alt=\"\" srcset=\"https:\/\/www.lapuanlatosaari.fi\/wp-content\/uploads\/2024\/11\/kansikuva2024_green.jpg 2500w, https:\/\/www.lapuanlatosaari.fi\/wp-content\/uploads\/2024\/11\/kansikuva2024_green-300x161.jpg 300w, https:\/\/www.lapuanlatosaari.fi\/wp-content\/uploads\/2024\/11\/kansikuva2024_green-1024x551.jpg 1024w, https:\/\/www.lapuanlatosaari.fi\/wp-content\/uploads\/2024\/11\/kansikuva2024_green-768x413.jpg 768w, https:\/\/www.lapuanlatosaari.fi\/wp-content\/uploads\/2024\/11\/kansikuva2024_green-1536x826.jpg 1536w, https:\/\/www.lapuanlatosaari.fi\/wp-content\/uploads\/2024\/11\/kansikuva2024_green-2048x1101.jpg 2048w\" sizes=\"(max-width: 2500px) 100vw, 2500px\" \/>\t\t\t\t\t\t\t\t\t\t\t\t\t<\/div>\n\t\t\t\t<\/div>\n\t\t\t\t\t<\/div>\n\t\t\t\t<\/div>\n\t\t<div class=\"elementor-element elementor-element-eb141e1 e-flex e-con-boxed e-con e-parent\" data-id=\"eb141e1\" data-element_type=\"container\" data-settings=\"{&quot;background_background&quot;:&quot;classic&quot;}\">\n\t\t\t\t\t<div class=\"e-con-inner\">\n\t\t\t\t<div class=\"elementor-element elementor-element-9660fc4 elementor-arrows-position-outside elementor-pagination-position-outside elementor-widget elementor-widget-image-carousel\" data-id=\"9660fc4\" data-element_type=\"widget\" data-settings=\"{&quot;slides_to_show&quot;:&quot;1&quot;,&quot;effect&quot;:&quot;fade&quot;,&quot;navigation&quot;:&quot;both&quot;,&quot;autoplay&quot;:&quot;yes&quot;,&quot;pause_on_hover&quot;:&quot;yes&quot;,&quot;pause_on_interaction&quot;:&quot;yes&quot;,&quot;autoplay_speed&quot;:5000,&quot;infinite&quot;:&quot;yes&quot;,&quot;speed&quot;:500}\" data-widget_type=\"image-carousel.default\">\n\t\t\t\t<div class=\"elementor-widget-container\">\n\t\t\t\t\t<div class=\"elementor-image-carousel-wrapper swiper\" dir=\"ltr\">\n\t\t\t<div class=\"elementor-image-carousel swiper-wrapper\" aria-live=\"off\">\n\t\t\t\t\t\t\t\t<div class=\"swiper-slide\" role=\"group\" aria-roledescription=\"slide\" aria-label=\"1 of 1\"><figure class=\"swiper-slide-inner\"><img decoding=\"async\" class=\"swiper-slide-image\" src=\"https:\/\/www.lapuanlatosaari.fi\/wp-content\/uploads\/2025\/12\/25.4.-YLI-SIKKILA-EVENT.png\" alt=\"25.4. YLI-SIKKIL\u00c4 EVENT\" \/><\/figure><\/div>\t\t\t<\/div>\n\t\t\t\t\t<\/div>\n\t\t\t\t<\/div>\n\t\t\t\t<\/div>\n\t\t\t\t<div class=\"elementor-element elementor-element-87c458e elementor-widget elementor-widget-shortcode\" data-id=\"87c458e\" data-element_type=\"widget\" data-widget_type=\"shortcode.default\">\n\t\t\t\t<div class=\"elementor-widget-container\">\n\t\t\t\t\t<div class=\"elementor-shortcode\"><script src=\"https:\/\/api.liveto.io\/api\/v1\/dropshop\/25451041-fe17-428a-b56b-8003ef13f641.js\"><\/script><\/div>\n\t\t\t\t<\/div>\n\t\t\t\t<\/div>\n\t\t\t\t<div class=\"elementor-element elementor-element-fd423a0 e-transform e-transform e-transform e-transform elementor-widget elementor-widget-text-editor\" data-id=\"fd423a0\" data-element_type=\"widget\" data-settings=\"{&quot;_transform_rotateZ_effect&quot;:{&quot;unit&quot;:&quot;px&quot;,&quot;size&quot;:&quot;&quot;,&quot;sizes&quot;:[]},&quot;_transform_rotateZ_effect_tablet&quot;:{&quot;unit&quot;:&quot;deg&quot;,&quot;size&quot;:&quot;&quot;,&quot;sizes&quot;:[]},&quot;_transform_rotateZ_effect_mobile&quot;:{&quot;unit&quot;:&quot;deg&quot;,&quot;size&quot;:&quot;&quot;,&quot;sizes&quot;:[]},&quot;_transform_translateX_effect&quot;:{&quot;unit&quot;:&quot;px&quot;,&quot;size&quot;:&quot;&quot;,&quot;sizes&quot;:[]},&quot;_transform_translateX_effect_tablet&quot;:{&quot;unit&quot;:&quot;px&quot;,&quot;size&quot;:&quot;&quot;,&quot;sizes&quot;:[]},&quot;_transform_translateX_effect_mobile&quot;:{&quot;unit&quot;:&quot;px&quot;,&quot;size&quot;:&quot;&quot;,&quot;sizes&quot;:[]},&quot;_transform_translateY_effect&quot;:{&quot;unit&quot;:&quot;px&quot;,&quot;size&quot;:&quot;&quot;,&quot;sizes&quot;:[]},&quot;_transform_translateY_effect_tablet&quot;:{&quot;unit&quot;:&quot;px&quot;,&quot;size&quot;:&quot;&quot;,&quot;sizes&quot;:[]},&quot;_transform_translateY_effect_mobile&quot;:{&quot;unit&quot;:&quot;px&quot;,&quot;size&quot;:&quot;&quot;,&quot;sizes&quot;:[]},&quot;_transform_scale_effect&quot;:{&quot;unit&quot;:&quot;px&quot;,&quot;size&quot;:&quot;&quot;,&quot;sizes&quot;:[]},&quot;_transform_scale_effect_tablet&quot;:{&quot;unit&quot;:&quot;px&quot;,&quot;size&quot;:&quot;&quot;,&quot;sizes&quot;:[]},&quot;_transform_scale_effect_mobile&quot;:{&quot;unit&quot;:&quot;px&quot;,&quot;size&quot;:&quot;&quot;,&quot;sizes&quot;:[]},&quot;_transform_skewX_effect&quot;:{&quot;unit&quot;:&quot;px&quot;,&quot;size&quot;:&quot;&quot;,&quot;sizes&quot;:[]},&quot;_transform_skewX_effect_tablet&quot;:{&quot;unit&quot;:&quot;deg&quot;,&quot;size&quot;:&quot;&quot;,&quot;sizes&quot;:[]},&quot;_transform_skewX_effect_mobile&quot;:{&quot;unit&quot;:&quot;deg&quot;,&quot;size&quot;:&quot;&quot;,&quot;sizes&quot;:[]},&quot;_transform_skewY_effect&quot;:{&quot;unit&quot;:&quot;px&quot;,&quot;size&quot;:&quot;&quot;,&quot;sizes&quot;:[]},&quot;_transform_skewY_effect_tablet&quot;:{&quot;unit&quot;:&quot;deg&quot;,&quot;size&quot;:&quot;&quot;,&quot;sizes&quot;:[]},&quot;_transform_skewY_effect_mobile&quot;:{&quot;unit&quot;:&quot;deg&quot;,&quot;size&quot;:&quot;&quot;,&quot;sizes&quot;:[]}}\" data-widget_type=\"text-editor.default\">\n\t\t\t\t<div class=\"elementor-widget-container\">\n\t\t\t\t\t\t\t<p><span style=\"color: #ffffff;\">HUOM! AREKSEN la 18.4. ik\u00e4rajaton sek\u00e4 K-18 keikat Latosaaressa peruuntuu artistin sairastumisen vuoksi.<\/span><br \/><span style=\"color: #ffffff;\">Valitettavasti sopivaa ajankohtaa korvaavan keikan j\u00e4rjest\u00e4miseen ei l\u00f6ytynyt.<\/span><\/p><p><span style=\"color: #ffffff;\">LIPUN HINNAN PALAUTUKSESTA:<\/span><br \/><span style=\"color: #ffffff;\">Liveto palauttaa sinulle lipusta rahat takaisin automaattisesti poislukien palvelumaksut. Sinun ei tarvitse siis pyyt\u00e4\u00e4 palautusta erikseen. Liveto tai tapahtumaj\u00e4rjest\u00e4j\u00e4 on yhteydess\u00e4 sinuun, mik\u00e4li tarvitsevat lis\u00e4tietoja. Paytrailin kautta maksetut liput palautetaan automaattisesti Paytrailin kautta, ja he saattavat kysy\u00e4 sinulta s\u00e4hk\u00f6postitse tilinumeroa.<\/span><\/p><p><span style=\"color: #ffff00;\"><a style=\"color: #ffff00;\" href=\"https:\/\/intercom.help\/liveto-suomi\/fi\/articles\/9214703-peruuntunut-tai-siirtynyt-tapahtuma\">Liveton ohjeeseen t\u00e4st\u00e4<\/a><\/span><\/p><p><span style=\"color: #ffffff;\">Kev\u00e4t 2026<\/span><\/p><p>10.01. Hurma, Marjo &amp; Maestrot -TANSSIT<br \/>17.01. Sinitaivas, Guns Rosor -TANSSIT<br \/>24.01. Taikakuu, Aleksi Marjom\u00e4ki &amp; Polaris -TANSSIT<br \/>31.01. Jarkko Yli-Sikkil\u00e4 &amp; Soiva Orkesteri, Charlotta Saari &amp; Ibiscus -TANSSIT<br \/>07.02. HELMIFEST Mouhous &amp; Dog Hustlers<br \/>14.02. Tomi Markkola &amp; Kipin\u00e4 -TANSSIT<br \/>21.02. Antti Ahopelto &amp; Etiketti, Kari Hirvonen &amp; Onnent\u00e4hti -TANSSIT<br \/>28.02. Retromania: Partamatti &amp; K-System<br \/>07.03. Markku Aro &amp; Diesel, Johanna Rantsi &amp; Mojova -TANSSIT<br \/>14.03. Tribute Night: Made In Iron &amp; Bad Apples<br \/>21.03. Petri Nyg\u00e5rd \/\/ VGR<br \/>28.03. Y\u00f6lintu, Joonas Erkkil\u00e4 &amp; Unelma -TANSSIT<br \/>03.04. Keiski &amp; ENO, Pirita Niemenmaa &amp; Misio -TANSSIT<br \/>04.04. Poju \/\/ Faija<br \/>10.04. Portion Boys<br \/>11.04. Sinitaivas, Aleksi Marjom\u00e4ki &amp; Polaris -TANSSIT<span style=\"color: #ffffff;\"><span style=\"color: #ff0000;\">\u00a0<\/span><br \/>25.04. Jarkko Yli-Sikkil\u00e4 &amp; Soiva Orkesteri,\u00a0 Oskar Lehtinen &amp; Kajo -TANSSIT<\/span><\/p><p><strong style=\"color: #ffffff; font-size: 10.72px;\">\u00a0<\/strong><\/p>\t\t\t\t\t\t<\/div>\n\t\t\t\t<\/div>\n\t\t\t\t<div class=\"elementor-element elementor-element-a9fec29 gallery-spacing-custom elementor-widget__width-inherit elementor-hidden-mobile elementor-widget elementor-widget-image-gallery\" data-id=\"a9fec29\" data-element_type=\"widget\" data-widget_type=\"image-gallery.default\">\n\t\t\t\t<div class=\"elementor-widget-container\">\n\t\t\t\t\t<div class=\"elementor-image-gallery\">\n\t\t\t<div id='gallery-1' class='gallery galleryid-8 gallery-columns-5 gallery-size-thumbnail'><figure class='gallery-item'>\n\t\t\t<div class='gallery-icon portrait'>\n\t\t\t\t<a data-elementor-open-lightbox=\"yes\" data-elementor-lightbox-slideshow=\"a9fec29\" data-elementor-lightbox-title=\"468911920_873298088123227_6367421404442030752_n\" data-e-action-hash=\"#elementor-action%3Aaction%3Dlightbox%26settings%3DeyJpZCI6MTYwLCJ1cmwiOiJodHRwczpcL1wvd3d3LmxhcHVhbmxhdG9zYWFyaS5maVwvd3AtY29udGVudFwvdXBsb2Fkc1wvMjAyNFwvMTJcLzQ2ODkxMTkyMF84NzMyOTgwODgxMjMyMjdfNjM2NzQyMTQwNDQ0MjAzMDc1Ml9uLmpwZyIsInNsaWRlc2hvdyI6ImE5ZmVjMjkifQ%3D%3D\" href='https:\/\/www.lapuanlatosaari.fi\/wp-content\/uploads\/2024\/12\/468911920_873298088123227_6367421404442030752_n.jpg'><img decoding=\"async\" width=\"150\" height=\"150\" src=\"https:\/\/www.lapuanlatosaari.fi\/wp-content\/uploads\/2024\/12\/468911920_873298088123227_6367421404442030752_n-150x150.jpg\" class=\"attachment-thumbnail size-thumbnail\" alt=\"\" \/><\/a>\n\t\t\t<\/div><\/figure><figure class='gallery-item'>\n\t\t\t<div class='gallery-icon portrait'>\n\t\t\t\t<a data-elementor-open-lightbox=\"yes\" data-elementor-lightbox-slideshow=\"a9fec29\" data-elementor-lightbox-title=\"468294916_868634395256263_7495500318847964895_n\" data-e-action-hash=\"#elementor-action%3Aaction%3Dlightbox%26settings%3DeyJpZCI6MTU5LCJ1cmwiOiJodHRwczpcL1wvd3d3LmxhcHVhbmxhdG9zYWFyaS5maVwvd3AtY29udGVudFwvdXBsb2Fkc1wvMjAyNFwvMTJcLzQ2ODI5NDkxNl84Njg2MzQzOTUyNTYyNjNfNzQ5NTUwMDMxODg0Nzk2NDg5NV9uLmpwZyIsInNsaWRlc2hvdyI6ImE5ZmVjMjkifQ%3D%3D\" href='https:\/\/www.lapuanlatosaari.fi\/wp-content\/uploads\/2024\/12\/468294916_868634395256263_7495500318847964895_n.jpg'><img decoding=\"async\" width=\"150\" height=\"150\" src=\"https:\/\/www.lapuanlatosaari.fi\/wp-content\/uploads\/2024\/12\/468294916_868634395256263_7495500318847964895_n-150x150.jpg\" class=\"attachment-thumbnail size-thumbnail\" alt=\"\" \/><\/a>\n\t\t\t<\/div><\/figure><figure class='gallery-item'>\n\t\t\t<div class='gallery-icon portrait'>\n\t\t\t\t<a data-elementor-open-lightbox=\"yes\" data-elementor-lightbox-slideshow=\"a9fec29\" data-elementor-lightbox-title=\"468283032_868634198589616_7469189858947731127_n\" data-e-action-hash=\"#elementor-action%3Aaction%3Dlightbox%26settings%3DeyJpZCI6MTU4LCJ1cmwiOiJodHRwczpcL1wvd3d3LmxhcHVhbmxhdG9zYWFyaS5maVwvd3AtY29udGVudFwvdXBsb2Fkc1wvMjAyNFwvMTJcLzQ2ODI4MzAzMl84Njg2MzQxOTg1ODk2MTZfNzQ2OTE4OTg1ODk0NzczMTEyN19uLmpwZyIsInNsaWRlc2hvdyI6ImE5ZmVjMjkifQ%3D%3D\" href='https:\/\/www.lapuanlatosaari.fi\/wp-content\/uploads\/2024\/12\/468283032_868634198589616_7469189858947731127_n.jpg'><img loading=\"lazy\" decoding=\"async\" width=\"150\" height=\"150\" src=\"https:\/\/www.lapuanlatosaari.fi\/wp-content\/uploads\/2024\/12\/468283032_868634198589616_7469189858947731127_n-150x150.jpg\" class=\"attachment-thumbnail size-thumbnail\" alt=\"\" \/><\/a>\n\t\t\t<\/div><\/figure><figure class='gallery-item'>\n\t\t\t<div class='gallery-icon portrait'>\n\t\t\t\t<a data-elementor-open-lightbox=\"yes\" data-elementor-lightbox-slideshow=\"a9fec29\" data-elementor-lightbox-title=\"466376125_860331106086592_7017357938414613303_n\" data-e-action-hash=\"#elementor-action%3Aaction%3Dlightbox%26settings%3DeyJpZCI6MTU3LCJ1cmwiOiJodHRwczpcL1wvd3d3LmxhcHVhbmxhdG9zYWFyaS5maVwvd3AtY29udGVudFwvdXBsb2Fkc1wvMjAyNFwvMTJcLzQ2NjM3NjEyNV84NjAzMzExMDYwODY1OTJfNzAxNzM1NzkzODQxNDYxMzMwM19uLmpwZyIsInNsaWRlc2hvdyI6ImE5ZmVjMjkifQ%3D%3D\" href='https:\/\/www.lapuanlatosaari.fi\/wp-content\/uploads\/2024\/12\/466376125_860331106086592_7017357938414613303_n.jpg'><img loading=\"lazy\" decoding=\"async\" width=\"150\" height=\"150\" src=\"https:\/\/www.lapuanlatosaari.fi\/wp-content\/uploads\/2024\/12\/466376125_860331106086592_7017357938414613303_n-150x150.jpg\" class=\"attachment-thumbnail size-thumbnail\" alt=\"\" \/><\/a>\n\t\t\t<\/div><\/figure><figure class='gallery-item'>\n\t\t\t<div class='gallery-icon portrait'>\n\t\t\t\t<a data-elementor-open-lightbox=\"yes\" data-elementor-lightbox-slideshow=\"a9fec29\" data-elementor-lightbox-title=\"464403346_850633133723056_4115950615141911480_n\" data-e-action-hash=\"#elementor-action%3Aaction%3Dlightbox%26settings%3DeyJpZCI6MTU2LCJ1cmwiOiJodHRwczpcL1wvd3d3LmxhcHVhbmxhdG9zYWFyaS5maVwvd3AtY29udGVudFwvdXBsb2Fkc1wvMjAyNFwvMTJcLzQ2NDQwMzM0Nl84NTA2MzMxMzM3MjMwNTZfNDExNTk1MDYxNTE0MTkxMTQ4MF9uLmpwZyIsInNsaWRlc2hvdyI6ImE5ZmVjMjkifQ%3D%3D\" href='https:\/\/www.lapuanlatosaari.fi\/wp-content\/uploads\/2024\/12\/464403346_850633133723056_4115950615141911480_n.jpg'><img loading=\"lazy\" decoding=\"async\" width=\"150\" height=\"150\" src=\"https:\/\/www.lapuanlatosaari.fi\/wp-content\/uploads\/2024\/12\/464403346_850633133723056_4115950615141911480_n-150x150.jpg\" class=\"attachment-thumbnail size-thumbnail\" alt=\"\" \/><\/a>\n\t\t\t<\/div><\/figure><figure class='gallery-item'>\n\t\t\t<div class='gallery-icon portrait'>\n\t\t\t\t<a data-elementor-open-lightbox=\"yes\" data-elementor-lightbox-slideshow=\"a9fec29\" data-elementor-lightbox-title=\"464173870_845978130855223_69874658816281156_n\" data-e-action-hash=\"#elementor-action%3Aaction%3Dlightbox%26settings%3DeyJpZCI6MTU1LCJ1cmwiOiJodHRwczpcL1wvd3d3LmxhcHVhbmxhdG9zYWFyaS5maVwvd3AtY29udGVudFwvdXBsb2Fkc1wvMjAyNFwvMTJcLzQ2NDE3Mzg3MF84NDU5NzgxMzA4NTUyMjNfNjk4NzQ2NTg4MTYyODExNTZfbi5qcGciLCJzbGlkZXNob3ciOiJhOWZlYzI5In0%3D\" href='https:\/\/www.lapuanlatosaari.fi\/wp-content\/uploads\/2024\/12\/464173870_845978130855223_69874658816281156_n.jpg'><img loading=\"lazy\" decoding=\"async\" width=\"150\" height=\"150\" src=\"https:\/\/www.lapuanlatosaari.fi\/wp-content\/uploads\/2024\/12\/464173870_845978130855223_69874658816281156_n-150x150.jpg\" class=\"attachment-thumbnail size-thumbnail\" alt=\"\" \/><\/a>\n\t\t\t<\/div><\/figure><figure class='gallery-item'>\n\t\t\t<div class='gallery-icon portrait'>\n\t\t\t\t<a data-elementor-open-lightbox=\"yes\" data-elementor-lightbox-slideshow=\"a9fec29\" data-elementor-lightbox-title=\"464036777_845980444188325_4033024175544566049_n\" data-e-action-hash=\"#elementor-action%3Aaction%3Dlightbox%26settings%3DeyJpZCI6MTU0LCJ1cmwiOiJodHRwczpcL1wvd3d3LmxhcHVhbmxhdG9zYWFyaS5maVwvd3AtY29udGVudFwvdXBsb2Fkc1wvMjAyNFwvMTJcLzQ2NDAzNjc3N184NDU5ODA0NDQxODgzMjVfNDAzMzAyNDE3NTU0NDU2NjA0OV9uLmpwZyIsInNsaWRlc2hvdyI6ImE5ZmVjMjkifQ%3D%3D\" href='https:\/\/www.lapuanlatosaari.fi\/wp-content\/uploads\/2024\/12\/464036777_845980444188325_4033024175544566049_n.jpg'><img loading=\"lazy\" decoding=\"async\" width=\"150\" height=\"150\" src=\"https:\/\/www.lapuanlatosaari.fi\/wp-content\/uploads\/2024\/12\/464036777_845980444188325_4033024175544566049_n-150x150.jpg\" class=\"attachment-thumbnail size-thumbnail\" alt=\"\" \/><\/a>\n\t\t\t<\/div><\/figure><figure class='gallery-item'>\n\t\t\t<div class='gallery-icon portrait'>\n\t\t\t\t<a data-elementor-open-lightbox=\"yes\" data-elementor-lightbox-slideshow=\"a9fec29\" data-elementor-lightbox-title=\"463975823_850632847056418_8334424422348902458_n\" data-e-action-hash=\"#elementor-action%3Aaction%3Dlightbox%26settings%3DeyJpZCI6MTUzLCJ1cmwiOiJodHRwczpcL1wvd3d3LmxhcHVhbmxhdG9zYWFyaS5maVwvd3AtY29udGVudFwvdXBsb2Fkc1wvMjAyNFwvMTJcLzQ2Mzk3NTgyM184NTA2MzI4NDcwNTY0MThfODMzNDQyNDQyMjM0ODkwMjQ1OF9uLmpwZyIsInNsaWRlc2hvdyI6ImE5ZmVjMjkifQ%3D%3D\" href='https:\/\/www.lapuanlatosaari.fi\/wp-content\/uploads\/2024\/12\/463975823_850632847056418_8334424422348902458_n.jpg'><img loading=\"lazy\" decoding=\"async\" width=\"150\" height=\"150\" src=\"https:\/\/www.lapuanlatosaari.fi\/wp-content\/uploads\/2024\/12\/463975823_850632847056418_8334424422348902458_n-150x150.jpg\" class=\"attachment-thumbnail size-thumbnail\" alt=\"\" \/><\/a>\n\t\t\t<\/div><\/figure><figure class='gallery-item'>\n\t\t\t<div class='gallery-icon portrait'>\n\t\t\t\t<a data-elementor-open-lightbox=\"yes\" data-elementor-lightbox-slideshow=\"a9fec29\" data-elementor-lightbox-title=\"462186461_836040161849020_2048728548295140576_n\" data-e-action-hash=\"#elementor-action%3Aaction%3Dlightbox%26settings%3DeyJpZCI6MTUyLCJ1cmwiOiJodHRwczpcL1wvd3d3LmxhcHVhbmxhdG9zYWFyaS5maVwvd3AtY29udGVudFwvdXBsb2Fkc1wvMjAyNFwvMTJcLzQ2MjE4NjQ2MV84MzYwNDAxNjE4NDkwMjBfMjA0ODcyODU0ODI5NTE0MDU3Nl9uLmpwZyIsInNsaWRlc2hvdyI6ImE5ZmVjMjkifQ%3D%3D\" href='https:\/\/www.lapuanlatosaari.fi\/wp-content\/uploads\/2024\/12\/462186461_836040161849020_2048728548295140576_n.jpg'><img loading=\"lazy\" decoding=\"async\" width=\"150\" height=\"150\" src=\"https:\/\/www.lapuanlatosaari.fi\/wp-content\/uploads\/2024\/12\/462186461_836040161849020_2048728548295140576_n-150x150.jpg\" class=\"attachment-thumbnail size-thumbnail\" alt=\"\" \/><\/a>\n\t\t\t<\/div><\/figure><figure class='gallery-item'>\n\t\t\t<div class='gallery-icon portrait'>\n\t\t\t\t<a data-elementor-open-lightbox=\"yes\" data-elementor-lightbox-slideshow=\"a9fec29\" data-elementor-lightbox-title=\"461586224_831162742336762_7037137590805829870_n\" data-e-action-hash=\"#elementor-action%3Aaction%3Dlightbox%26settings%3DeyJpZCI6MTUxLCJ1cmwiOiJodHRwczpcL1wvd3d3LmxhcHVhbmxhdG9zYWFyaS5maVwvd3AtY29udGVudFwvdXBsb2Fkc1wvMjAyNFwvMTJcLzQ2MTU4NjIyNF84MzExNjI3NDIzMzY3NjJfNzAzNzEzNzU5MDgwNTgyOTg3MF9uLmpwZyIsInNsaWRlc2hvdyI6ImE5ZmVjMjkifQ%3D%3D\" href='https:\/\/www.lapuanlatosaari.fi\/wp-content\/uploads\/2024\/12\/461586224_831162742336762_7037137590805829870_n.jpg'><img loading=\"lazy\" decoding=\"async\" width=\"150\" height=\"150\" src=\"https:\/\/www.lapuanlatosaari.fi\/wp-content\/uploads\/2024\/12\/461586224_831162742336762_7037137590805829870_n-150x150.jpg\" class=\"attachment-thumbnail size-thumbnail\" alt=\"\" \/><\/a>\n\t\t\t<\/div><\/figure>\n\t\t<\/div>\n\t\t<\/div>\n\t\t\t\t<\/div>\n\t\t\t\t<\/div>\n\t\t\t\t<div class=\"elementor-element elementor-element-bc6b920 elementor-widget__width-initial elementor-widget elementor-widget-text-editor\" data-id=\"bc6b920\" data-element_type=\"widget\" data-widget_type=\"text-editor.default\">\n\t\t\t\t<div class=\"elementor-widget-container\">\n\t\t\t\t\t\t\t<p><strong>Lapuan Latosaari<\/strong><br \/>Tapahtumailtoina ik\u00e4raja on K-18<br \/>Perinteisiss\u00e4 tansseissa avoinna 19-01<br \/>Muina tapahtumailtoina p\u00e4\u00e4osin avoinna 21-03 tai 22-03.<br \/>Tarkemmat aikataulut l\u00f6ytyy Latosaaren <a href=\"https:\/\/www.facebook.com\/Lapuanlatosaari\">Facebookista<\/a> sek\u00e4 mainoksista<\/p><p>Latosaari sijaitsee valtatie 19 tuntumassa,<br \/>alle 2 km Lapuan keskustasta<br \/>Osoite: Huhtalantie 94, 62100 Lapua<br \/>Latosaaren paikoitusalueella on mahdollista y\u00f6py\u00e4<br \/>omassa asuntoautossa.<\/p><p><a href=\"https:\/\/maps.app.goo.gl\/doyeBv2cLYaTD6bj7\">Karttalinkki<\/a><\/p><p><strong>Ennakkoliput:<\/strong><br \/>Sivujen oikeasta laidasta l\u00f6yd\u00e4t lippukaupan<\/p><p><strong>Majoituspaketit:<\/strong><br \/>Hotelli-Ravintola Lapuahovi<br \/>varaukset@lapuahovi.fi<br \/>Majoituspaketti sis\u00e4lt\u00e4\u00e4 majoituksen, aamupalan ja p\u00e4\u00e4sylipun<\/p><p><strong>Yhteys:<\/strong><br \/>marko@mp-viihde.net<\/p><p>Lapuan Latosaari Valtatie 19 l\u00e4heisyydess\u00e4 on legendaarinen tanssi- ja tapahtumapaikka. Historia juontaa 1960 luvulle asti.<br \/>Alkuper\u00e4inen vanha puoli purettiin 2024 ja nykyinen k\u00e4yt\u00f6ss\u00e4 oleva uusi puoli rakennettiin 1990-luvun puoliv\u00e4liss\u00e4.<br \/>Tilat ovat narikkaa my\u00f6ten mitoitettu tuhannelle hengelle.<br \/>Haluamme tarjota alueelle monipuolista ohjelmaa tanssien ja erilaisten keikkojen muodossa.<\/p><p><strong>Maakunnan suosituimmat tanssit:<\/strong><br \/>Latosaaressa tanssitaan keskim\u00e4\u00e4rin kaksi kertaa kuukaudessa suomen huippuartistien ja orkestereiden tahdissa.<br \/>Perinteiset tanssit j\u00e4rjestet\u00e4\u00e4n l\u00e4hes poikkeuksetta lauantaisin ja kahden esiintyj\u00e4n voimin, t\u00e4st\u00e4 on tullut paljon kiitosta,<br \/>koska illat ovat monipuolisia ja viihdytt\u00e4vi\u00e4. Loungessa karaoke.<br \/>Tansseissa palvelee anniskelupisteen lis\u00e4ksi my\u00f6s kahvio jossa tarjolla kahvia, virvokkeita sek\u00e4 monipuolisesti suolaista ja makeaa.<\/p><p><strong>Maakunnan kovimmat keikat ja suosituimmat artistit:<\/strong><br \/>Latosaaressa esiintyy suomen suosituimpia artisteja ja yhtyeit\u00e4.<br \/>Puitteet mahdollistavat niin isoimpien rockb\u00e4ndien sek\u00e4 suositumpien nuoriso-artistien keikat.<br \/>Useimmissa illoissa on Dj sek\u00e4 Loungen puolella akustista ohjelmaa. Loungessa my\u00f6s karaoke.<br \/>My\u00f6s pop ja bile-iltojen kausi on syyskuusta huhtikuuhun.<\/p><p><strong>Jokirantaterassi:<\/strong><br \/>Kes\u00e4viikonloppuisin joen rannassa sijaitseva Latosaaren terassi tarjoaa akustista ohjelmaa ja upean auringonlaskumaiseman joenrantaa pitkin.<br \/>Terassi-iltoihin p\u00e4\u00e4s\u00e4\u00e4nt\u00f6isesti vapaa p\u00e4\u00e4sy.<\/p><p><strong>Yksityistilaisuudet:<\/strong><br \/>Latosaaressa on mahdollista j\u00e4rjest\u00e4\u00e4 my\u00f6s yksityistilaisuuksia. Ota yhteytt\u00e4 alla olevan lomakkeen kautta.<\/p>\t\t\t\t\t\t<\/div>\n\t\t\t\t<\/div>\n\t\t\t\t\t<\/div>\n\t\t\t\t<\/div>\n\t\t<div class=\"elementor-element elementor-element-6483201 e-flex e-con-boxed e-con e-parent\" data-id=\"6483201\" data-element_type=\"container\" data-settings=\"{&quot;background_background&quot;:&quot;classic&quot;}\">\n\t\t\t\t\t<div class=\"e-con-inner\">\n\t\t\t\t<div class=\"elementor-element elementor-element-8b52765 elementor-widget__width-initial elementor-widget elementor-widget-shortcode\" data-id=\"8b52765\" data-element_type=\"widget\" data-widget_type=\"shortcode.default\">\n\t\t\t\t<div class=\"elementor-widget-container\">\n\t\t\t\t\t<div class=\"elementor-shortcode\">\n<div class=\"wpcf7 no-js\" id=\"wpcf7-f189-o1\" lang=\"fi\" dir=\"ltr\" data-wpcf7-id=\"189\">\n<div class=\"screen-reader-response\"><p role=\"status\" aria-live=\"polite\" aria-atomic=\"true\"><\/p> <ul><\/ul><\/div>\n<form action=\"\/Etusivu\/wp-json\/wp\/v2\/pages\/8#wpcf7-f189-o1\" method=\"post\" class=\"wpcf7-form init\" aria-label=\"Yhteydenottolomake\" novalidate=\"novalidate\" data-status=\"init\">\n<div style=\"display: none;\">\n<input type=\"hidden\" name=\"_wpcf7\" value=\"189\" \/>\n<input type=\"hidden\" name=\"_wpcf7_version\" value=\"6.0.1\" \/>\n<input type=\"hidden\" name=\"_wpcf7_locale\" value=\"fi\" \/>\n<input type=\"hidden\" name=\"_wpcf7_unit_tag\" value=\"wpcf7-f189-o1\" \/>\n<input type=\"hidden\" name=\"_wpcf7_container_post\" value=\"0\" \/>\n<input type=\"hidden\" name=\"_wpcf7_posted_data_hash\" value=\"\" \/>\n<\/div>\n<p><label> LATOSAAREN YHTEYDENOTTOLOMAKE <\/label>\n<\/p>\n<p><label> T\u00e4yt\u00e4 tietosi ja l\u00e4het\u00e4 viesti. Kiitos! <\/label>\n<\/p>\n<p><label> Nimesi:<br \/>\n<span class=\"wpcf7-form-control-wrap\" data-name=\"text-761\"><input size=\"40\" maxlength=\"400\" class=\"wpcf7-form-control wpcf7-text wpcf7-validates-as-required\" aria-required=\"true\" aria-invalid=\"false\" value=\"\" type=\"text\" name=\"text-761\" \/><\/span> <\/label>\n<\/p>\n<p><label> Puhelinnumerosi:<br \/>\n<span class=\"wpcf7-form-control-wrap\" data-name=\"tel-544\"><input size=\"40\" maxlength=\"400\" class=\"wpcf7-form-control wpcf7-tel wpcf7-text wpcf7-validates-as-tel\" aria-invalid=\"false\" value=\"\" type=\"tel\" name=\"tel-544\" \/><\/span> <\/label>\n<\/p>\n<p><label> S\u00e4hk\u00f6postiosoitteesi:<br \/>\n<span class=\"wpcf7-form-control-wrap\" data-name=\"email-830\"><input size=\"40\" maxlength=\"400\" class=\"wpcf7-form-control wpcf7-email wpcf7-text wpcf7-validates-as-email\" aria-invalid=\"false\" value=\"\" type=\"email\" name=\"email-830\" \/><\/span> <\/label>\n<\/p>\n<p><label> Viestisi:<br \/>\n<span class=\"wpcf7-form-control-wrap\" data-name=\"textarea-750\"><textarea cols=\"40\" rows=\"10\" maxlength=\"2000\" class=\"wpcf7-form-control wpcf7-textarea\" aria-invalid=\"false\" name=\"textarea-750\"><\/textarea><\/span> <\/label>\n<\/p>\n<p><input class=\"wpcf7-form-control wpcf7-submit has-spinner\" type=\"submit\" value=\"L\u00e4het\u00e4\" \/>\n<\/p>\n\n<div class=\"wpcf7-response-output\" aria-hidden=\"true\"><\/div>\n<\/form>\n<\/div>\n<\/div>\n\t\t\t\t<\/div>\n\t\t\t\t<\/div>\n\t\t\t\t\t<\/div>\n\t\t\t\t<\/div>\n\t\t\t\t<\/div>\n\t\t","protected":false},"excerpt":{"rendered":"<p>HUOM! AREKSEN la 18.4. ik\u00e4rajaton sek\u00e4 K-18 keikat Latosaaressa peruuntuu artistin sairastumisen vuoksi.Valitettavasti sopivaa ajankohtaa korvaavan keikan j\u00e4rjest\u00e4miseen ei l\u00f6ytynyt. LIPUN HINNAN PALAUTUKSESTA:Liveto palauttaa sinulle lipusta rahat takaisin automaattisesti poislukien palvelumaksut. Sinun ei tarvitse siis pyyt\u00e4\u00e4 palautusta erikseen. Liveto tai tapahtumaj\u00e4rjest\u00e4j\u00e4 on yhteydess\u00e4 sinuun, mik\u00e4li tarvitsevat lis\u00e4tietoja. Paytrailin kautta maksetut liput palautetaan automaattisesti Paytrailin kautta, [&hellip;]<\/p>\n","protected":false},"author":1,"featured_media":0,"parent":0,"menu_order":1,"comment_status":"closed","ping_status":"closed","template":"elementor_canvas","meta":{"footnotes":""},"class_list":["post-8","page","type-page","status-publish","hentry"],"_links":{"self":[{"href":"https:\/\/www.lapuanlatosaari.fi\/Etusivu\/wp-json\/wp\/v2\/pages\/8","targetHints":{"allow":["GET"]}}],"collection":[{"href":"https:\/\/www.lapuanlatosaari.fi\/Etusivu\/wp-json\/wp\/v2\/pages"}],"about":[{"href":"https:\/\/www.lapuanlatosaari.fi\/Etusivu\/wp-json\/wp\/v2\/types\/page"}],"author":[{"embeddable":true,"href":"https:\/\/www.lapuanlatosaari.fi\/Etusivu\/wp-json\/wp\/v2\/users\/1"}],"replies":[{"embeddable":true,"href":"https:\/\/www.lapuanlatosaari.fi\/Etusivu\/wp-json\/wp\/v2\/comments?post=8"}],"version-history":[{"count":205,"href":"https:\/\/www.lapuanlatosaari.fi\/Etusivu\/wp-json\/wp\/v2\/pages\/8\/revisions"}],"predecessor-version":[{"id":355,"href":"https:\/\/www.lapuanlatosaari.fi\/Etusivu\/wp-json\/wp\/v2\/pages\/8\/revisions\/355"}],"wp:attachment":[{"href":"https:\/\/www.lapuanlatosaari.fi\/Etusivu\/wp-json\/wp\/v2\/media?parent=8"}],"curies":[{"name":"wp","href":"https:\/\/api.w.org\/{rel}","templated":true}]}}